{"id":299,"date":"2023-11-23T12:39:51","date_gmt":"2023-11-23T11:39:51","guid":{"rendered":"https:\/\/lina-hermstein.de\/?page_id=299"},"modified":"2023-11-23T12:39:51","modified_gmt":"2023-11-23T11:39:51","slug":"paartherapie","status":"publish","type":"page","link":"https:\/\/www.lina-hermstein.de\/?page_id=299","title":{"rendered":"Paartherapie"},"content":{"rendered":"\n<div id=\"wp-block-themeisle-blocks-advanced-columns-b1150796\" class=\"wp-block-themeisle-blocks-advanced-columns has-2-columns has-desktop-twoOne-layout has-tablet-equal-layout has-mobile-equal-layout has-vertical-unset\"><div class=\"wp-block-themeisle-blocks-advanced-columns-overlay\"><\/div><div class=\"innerblocks-wrap\">\n<div id=\"wp-block-themeisle-blocks-advanced-column-e8e530cc\" class=\"wp-block-themeisle-blocks-advanced-column\">\n<p>Systemische Therapie eignet sich in seiner Grundform hervorragend f\u00fcr Paartherapie. Zus\u00e4tzlich habe ich eine einj\u00e4hrige Weiterbildung zur systemischen Paartherapie besucht, damit ich optimal f\u00fcr Sie vorbereitet bin. <\/p>\n\n\n\n<p>Paartherapie ist in Deutschland keine Kassenleistung und kein rechtlich gesch\u00fctzter Begriff. D.h. Sie k\u00f6nnten sich rechtlich gesehen Paartherapeut nennen, ohne jemals ein Psychologie Studium abgeschlossen oder sich in sonstiger Form mit der Materie besch\u00e4ftigt zu haben. Achten Sie daher immer auf eine transparent kommunizierte und stimmige Ausbildung Ihres ausgew\u00e4hlten Therapeuten.<\/p>\n\n\n\n<p>Termine sind in meiner Praxis auch am sp\u00e4ten Abend in der Woche m\u00f6glich. Am Wochenende nur mit Aufpreis und nach Verhandlung.<\/p>\n<\/div>\n\n\n\n<div id=\"wp-block-themeisle-blocks-advanced-column-0da46a90\" class=\"wp-block-themeisle-blocks-advanced-column\">\n<figure class=\"wp-block-image size-full\"><img decoding=\"async\" loading=\"lazy\" width=\"615\" height=\"500\" src=\"https:\/\/lina-hermstein.de\/wp-content\/uploads\/2023\/01\/Herz_small_2.png\" alt=\"\" class=\"wp-image-301\" srcset=\"https:\/\/www.lina-hermstein.de\/wp-content\/uploads\/2023\/01\/Herz_small_2.png 615w, https:\/\/www.lina-hermstein.de\/wp-content\/uploads\/2023\/01\/Herz_small_2-300x244.png 300w\" sizes=\"(max-width: 615px) 100vw, 615px\" \/><\/figure>\n<\/div>\n<\/div><\/div>\n\n\n\n<h5 class=\"wp-block-heading\">Wann ist eine Paartherapie sinnvoll?<\/h5>\n\n\n\n<p>Bei jeglichen Problemen und Herausforderungen, die Ihnen als Paar in Ihrer Beziehung begegnen, kann es Hilfreich sein sich eine neutrale professionelle Unterst\u00fctzung ins Boot zu holen. Viele Paare berichten davon, dass Sie vermutlich schon viel eher, offen f\u00fcr diesen Weg h\u00e4tten sein sollen. Pr\u00e4ventive Paartherapie sollte etwas sein, was man sich als Paar \u00f6fters g\u00f6nnt, damit man Stolpersteine erkennen und rechtzeitig Gegenma\u00dfnahmen ergreifen kann.<\/p>\n\n\n\n<h5 class=\"wp-block-heading\">Wie sind die Erfolgsaussichten?<\/h5>\n\n\n\n<p>Paartherapie ist letztendlich nicht das, was Sie beide in der Therapiestunde erleben, sondern was Sie am Ende zu Hause davon umsetzen. Wenn Sie beide bereit f\u00fcr ein gemeinsames Gespr\u00e4ch sind und Motivation mitbringen, ist das schon eine sehr gute Vorrausetzung f\u00fcr ein Gelingen der Paartherapie.<\/p>\n\n\n\n<h5 class=\"wp-block-heading\">Hei\u00dft eine Paartherapie immer: Wir bleiben zusammen?<\/h5>\n\n\n\n<p>Welches die Ziele Ihrer gemeinsamen Sitzungen sind bestimmen Sie. Ob Sie als Paar wieder zueinander finden, ein anderes moderneres Beziehungsmodell ausprobieren oder sich ohne Rosenkrieg trennen m\u00f6chten, liegt ganz in Ihrer Hand. Ich bin nicht die Art von Therapeut, der entscheidet, ob Sie als Paar zusammen bleiben oder sich trennen m\u00fcssen. Diese Verantwortung tragen Sie gemeinsam, ich helfe Ihnen nur den richtigen Weg f\u00fcr sich als Paar zu finden.<\/p>\n\n\n\n<p><\/p>\n\n\n\n<h5 class=\"wp-block-heading\">Ver\u00f6ffentlichte Arbeiten<\/h5>\n\n\n\n<p>Die Liebe ist f\u00fcr mich ein wichtiges Thema. <br>So wichtig, dass ich ihr gegen jeden Widerstand meine psychologische Bachelor- und Masterarbeit gewidmet habe.&nbsp;<\/p>\n\n\n\n<ol start=\"1\">\n<li>Entwicklung eines Messinstrumentes zur Erfassung der romantischen Liebe im Rahmen des Campbell-Paradigmas (2014)&nbsp;<\/li>\n\n\n\n<li>Konstruktvalidit\u00e4t der \u201cSkala romantische Liebe\u201d (2017)<\/li>\n<\/ol>\n\n\n\n<p>Sollte ein Interesse an den Arbeiten bestehen, so fragen Sie bitte per Mail die entsprechenden Arbeiten an.&nbsp;<\/p>\n","protected":false},"excerpt":{"rendered":"<p>Wann ist eine Paartherapie sinnvoll? Bei jeglichen Problemen und Herausforderungen, die Ihnen als Paar in Ihrer Beziehung begegnen, kann es Hilfreich sein sich eine neutrale professionelle Unterst\u00fctzung ins Boot zu holen. Viele Paare berichten davon, dass Sie vermutlich schon viel eher, offen f\u00fcr diesen Weg h\u00e4tten sein sollen. Pr\u00e4ventive Paartherapie sollte etwas sein, was man&hellip;&nbsp;<a href=\"https:\/\/www.lina-hermstein.de\/?page_id=299\" class=\"\" rel=\"bookmark\">Weiterlesen &raquo;<span class=\"screen-reader-text\">Paartherapie<\/span><\/a><\/p>\n","protected":false},"author":1,"featured_media":0,"parent":0,"menu_order":0,"comment_status":"closed","ping_status":"closed","template":"","meta":{"om_disable_all_campaigns":false,"_monsterinsights_skip_tracking":false,"_monsterinsights_sitenote_active":false,"_monsterinsights_sitenote_note":"","_monsterinsights_sitenote_category":0,"neve_meta_sidebar":"","neve_meta_container":"","neve_meta_enable_content_width":"","neve_meta_content_width":0,"neve_meta_title_alignment":"","neve_meta_author_avatar":"","neve_post_elements_order":"","neve_meta_disable_header":"","neve_meta_disable_footer":"","neve_meta_disable_title":"","_themeisle_gutenberg_block_has_review":false,"footnotes":""},"aioseo_notices":[],"_links":{"self":[{"href":"https:\/\/www.lina-hermstein.de\/index.php?rest_route=\/wp\/v2\/pages\/299"}],"collection":[{"href":"https:\/\/www.lina-hermstein.de\/index.php?rest_route=\/wp\/v2\/pages"}],"about":[{"href":"https:\/\/www.lina-hermstein.de\/index.php?rest_route=\/wp\/v2\/types\/page"}],"author":[{"embeddable":true,"href":"https:\/\/www.lina-hermstein.de\/index.php?rest_route=\/wp\/v2\/users\/1"}],"replies":[{"embeddable":true,"href":"https:\/\/www.lina-hermstein.de\/index.php?rest_route=%2Fwp%2Fv2%2Fcomments&post=299"}],"version-history":[{"count":6,"href":"https:\/\/www.lina-hermstein.de\/index.php?rest_route=\/wp\/v2\/pages\/299\/revisions"}],"predecessor-version":[{"id":314,"href":"https:\/\/www.lina-hermstein.de\/index.php?rest_route=\/wp\/v2\/pages\/299\/revisions\/314"}],"wp:attachment":[{"href":"https:\/\/www.lina-hermstein.de\/index.php?rest_route=%2Fwp%2Fv2%2Fmedia&parent=299"}],"curies":[{"name":"wp","href":"https:\/\/api.w.org\/{rel}","templated":true}]}}