{"id":30,"date":"2022-05-08T22:44:40","date_gmt":"2022-05-08T20:44:40","guid":{"rendered":"https:\/\/lina-hermstein.de\/?page_id=30"},"modified":"2022-05-14T16:48:32","modified_gmt":"2022-05-14T14:48:32","slug":"kontakt","status":"publish","type":"page","link":"https:\/\/www.lina-hermstein.de\/?page_id=30","title":{"rendered":"Kontakt"},"content":{"rendered":"\n<div class=\"wp-block-columns is-layout-flex wp-container-12 wp-block-columns-is-layout-flex\">\n<div class=\"wp-block-column is-layout-flow wp-block-column-is-layout-flow\">\n<div class=\"wp-block-columns is-layout-flex wp-container-3 wp-block-columns-is-layout-flex\">\n<div class=\"wp-block-column is-layout-flow wp-block-column-is-layout-flow\" style=\"flex-basis:33.33%\">\n<p id=\"wp-block-themeisle-blocks-font-awesome-icons-d6ea2287\" class=\"wp-block-themeisle-blocks-font-awesome-icons\"><span class=\"wp-block-themeisle-blocks-font-awesome-icons-container\"><i class=\"fas fa-address-card\"><\/i><\/span><\/p>\n<\/div>\n\n\n\n<div class=\"wp-block-column is-layout-flow wp-block-column-is-layout-flow\" style=\"flex-basis:66.66%\">\n<p>Praxis Lina Hermstein<br>Olvenstedter Str. 60<br>39108 Magdeburg<\/p>\n<\/div>\n<\/div>\n\n\n\n<div class=\"wp-block-columns is-layout-flex wp-container-6 wp-block-columns-is-layout-flex\">\n<div class=\"wp-block-column is-layout-flow wp-block-column-is-layout-flow\" style=\"flex-basis:33.33%\">\n<p id=\"wp-block-themeisle-blocks-font-awesome-icons-9d4d4fdf\" class=\"wp-block-themeisle-blocks-font-awesome-icons\"><span class=\"wp-block-themeisle-blocks-font-awesome-icons-container\"><i class=\"fas fa-phone\"><\/i><\/span><\/p>\n<\/div>\n\n\n\n<div class=\"wp-block-column is-layout-flow wp-block-column-is-layout-flow\" style=\"flex-basis:66.66%\">\n<p>039155607564 und<br>017662766007<\/p>\n<\/div>\n<\/div>\n\n\n\n<div class=\"wp-block-columns is-layout-flex wp-container-9 wp-block-columns-is-layout-flex\">\n<div class=\"wp-block-column is-layout-flow wp-block-column-is-layout-flow\" style=\"flex-basis:33.33%\">\n<p id=\"wp-block-themeisle-blocks-font-awesome-icons-2e3ce3b0\" class=\"wp-block-themeisle-blocks-font-awesome-icons\"><span class=\"wp-block-themeisle-blocks-font-awesome-icons-container\"><i class=\"fas fa-envelope\"><\/i><\/span><\/p>\n<\/div>\n\n\n\n<div class=\"wp-block-column is-layout-flow wp-block-column-is-layout-flow\" style=\"flex-basis:66.66%\">\n<p>therapie@lina-hermstein.de<\/p>\n<\/div>\n<\/div>\n\n\n\n<p class=\"has-text-align-center\"><strong>Wegbeschreibung mit der Stra\u00dfenbahn:<\/strong><br>Einfache Anbindung dank der Haltestelle Willhelmst\u00e4dter Platz \u00fcber Stra\u00dfenbahnlinien 3 &amp; 4<\/p>\n\n\n\n<p><\/p>\n<\/div>\n\n\n\n<div class=\"wp-block-column is-layout-flow wp-block-column-is-layout-flow\"><div style=\"height:450px;\" class=\"wp-block-themeisle-blocks-leaflet-map\" id=\"wp-block-themeisle-blocks-leaflet-map-81521492\"><\/div>\n<script type=\"text\/javascript\">\n\t\/* <![CDATA[ *\/\n\t\tif ( ! window.themeisleLeafletMaps ) window.themeisleLeafletMaps =[];\n\t\twindow.themeisleLeafletMaps.push( { container: \"wp-block-themeisle-blocks-leaflet-map-81521492\", attributes: {\"id\":\"wp-block-themeisle-blocks-leaflet-map-81521492\",\"location\":\"Olvenstedter Stra\\u00dfe 60 Magdeburg\",\"latitude\":\"52.135374779780705\",\"longitude\":\"11.61607869698405\",\"bbox\":\"11.615021906632181,52.134633923205904,11.617135487335918,52.13611562403452\",\"zoom\":18,\"height\":450,\"markers\":[{\"id\":\"0c050035-3c42-4ce5-8348-1720dd00a31e\",\"latitude\":52.13530234101461,\"longitude\":11.615874794568619,\"title\":\"Praxis Lina Hermstein\",\"description\":\"\"}],\"zoomControl\":true,\"draggable\":true,\"hasCustomCSS\":false,\"customCSS\":\"\",\"otterConditions\":[]} } );\n\t\/* ]]> *\/\n<\/script>\n<\/div>\n<\/div>\n","protected":false},"excerpt":{"rendered":"<p>Praxis Lina HermsteinOlvenstedter Str. 6039108 Magdeburg 039155607564 und017662766007 therapie@lina-hermstein.de Wegbeschreibung mit der Stra\u00dfenbahn:Einfache Anbindung dank der Haltestelle Willhelmst\u00e4dter Platz \u00fcber Stra\u00dfenbahnlinien 3 &amp; 4<\/p>\n","protected":false},"author":1,"featured_media":0,"parent":0,"menu_order":0,"comment_status":"closed","ping_status":"closed","template":"","meta":{"om_disable_all_campaigns":false,"_monsterinsights_skip_tracking":false,"_monsterinsights_sitenote_active":false,"_monsterinsights_sitenote_note":"","_monsterinsights_sitenote_category":0,"neve_meta_sidebar":"","neve_meta_container":"","neve_meta_enable_content_width":"","neve_meta_content_width":0,"neve_meta_title_alignment":"","neve_meta_author_avatar":"","neve_post_elements_order":"","neve_meta_disable_header":"","neve_meta_disable_footer":"","neve_meta_disable_title":"","_themeisle_gutenberg_block_has_review":false,"footnotes":""},"aioseo_notices":[],"_links":{"self":[{"href":"https:\/\/www.lina-hermstein.de\/index.php?rest_route=\/wp\/v2\/pages\/30"}],"collection":[{"href":"https:\/\/www.lina-hermstein.de\/index.php?rest_route=\/wp\/v2\/pages"}],"about":[{"href":"https:\/\/www.lina-hermstein.de\/index.php?rest_route=\/wp\/v2\/types\/page"}],"author":[{"embeddable":true,"href":"https:\/\/www.lina-hermstein.de\/index.php?rest_route=\/wp\/v2\/users\/1"}],"replies":[{"embeddable":true,"href":"https:\/\/www.lina-hermstein.de\/index.php?rest_route=%2Fwp%2Fv2%2Fcomments&post=30"}],"version-history":[{"count":13,"href":"https:\/\/www.lina-hermstein.de\/index.php?rest_route=\/wp\/v2\/pages\/30\/revisions"}],"predecessor-version":[{"id":196,"href":"https:\/\/www.lina-hermstein.de\/index.php?rest_route=\/wp\/v2\/pages\/30\/revisions\/196"}],"wp:attachment":[{"href":"https:\/\/www.lina-hermstein.de\/index.php?rest_route=%2Fwp%2Fv2%2Fmedia&parent=30"}],"curies":[{"name":"wp","href":"https:\/\/api.w.org\/{rel}","templated":true}]}}