{"id":48,"date":"2022-05-08T23:11:39","date_gmt":"2022-05-08T21:11:39","guid":{"rendered":"https:\/\/lina-hermstein.de\/?page_id=48"},"modified":"2022-08-25T19:39:56","modified_gmt":"2022-08-25T17:39:56","slug":"90-minuten-systemische-therapie","status":"publish","type":"page","link":"https:\/\/www.lina-hermstein.de\/?page_id=48","title":{"rendered":"Ablauf"},"content":{"rendered":"\n<div class=\"wp-block-columns is-layout-flex wp-container-3 wp-block-columns-is-layout-flex\">\n<div class=\"wp-block-column is-layout-flow wp-block-column-is-layout-flow\" style=\"flex-basis:66.66%\">\n<p>Eine Therapiestunde in der systemischen Therapie betr\u00e4gt klassisch 90 Minuten, welche sich standardm\u00e4\u00dfig aus 60 Minuten reiner Gespr\u00e4chszeit, 20 Minuten Abschlusskommentar und 10 Minuten Abschlussgespr\u00e4ch zusammensetzt.<\/p>\n\n\n\n<div style=\"height:20px\" aria-hidden=\"true\" class=\"wp-block-spacer\"><\/div>\n\n\n\n<p>Es ist auch m\u00f6glich, die Gespr\u00e4chszeit auf die vollen 90 Minuten auszuweiten und den Abschlusskommentar nachtr\u00e4glich zu erstellen oder bei einer intensiven Intervention wegzulassen. Ein Abschlusskommentar wird jedoch als bedeutender Wirkungsmechanismus der Systemischen Therapie betrachtet. Sollte ein Gespr\u00e4ch von 90 Minuten gew\u00fcnscht sein, so lassen Sie es mich vorher wissen.<\/p>\n\n\n\n<p>Die <strong>Anzahl und H\u00e4ufigkeit<\/strong> der Stunden bestimmen Sie allein. Bei mir m\u00fcssen Sie keine Vertr\u00e4ge \u00fcber mehrere Stunden vorab unterschreiben. Ich gebe Ihnen nach dem ersten Besuch lediglich Empfehlungen \u00fcber Anzahl und H\u00e4ufigkeit. Sie gestalten dadurch Ihren Behandlungsablauf nach Ihren individuellen W\u00fcnschen und Bed\u00fcrfnissen.<\/p>\n<\/div>\n\n\n\n<div class=\"wp-block-column is-layout-flow wp-block-column-is-layout-flow\" style=\"flex-basis:33.33%\">\n<figure class=\"wp-block-image size-large is-resized\"><img decoding=\"async\" loading=\"lazy\" src=\"https:\/\/lina-hermstein.de\/wp-content\/uploads\/2022\/07\/Lina_Patient_small-e1661448998198-640x1024.jpg\" alt=\"\" class=\"wp-image-226\" width=\"238\" height=\"379\"\/><\/figure>\n<\/div>\n<\/div>\n","protected":false},"excerpt":{"rendered":"<p>Eine Therapiestunde in der systemischen Therapie betr\u00e4gt klassisch 90 Minuten, welche sich standardm\u00e4\u00dfig aus 60 Minuten reiner Gespr\u00e4chszeit, 20 Minuten Abschlusskommentar und 10 Minuten Abschlussgespr\u00e4ch zusammensetzt. Es ist auch m\u00f6glich, die Gespr\u00e4chszeit auf die vollen 90 Minuten auszuweiten und den Abschlusskommentar nachtr\u00e4glich zu erstellen oder bei einer intensiven Intervention wegzulassen. Ein Abschlusskommentar wird jedoch als&hellip;&nbsp;<a href=\"https:\/\/www.lina-hermstein.de\/?page_id=48\" class=\"\" rel=\"bookmark\">Weiterlesen &raquo;<span class=\"screen-reader-text\">Ablauf<\/span><\/a><\/p>\n","protected":false},"author":1,"featured_media":0,"parent":0,"menu_order":0,"comment_status":"closed","ping_status":"closed","template":"","meta":{"om_disable_all_campaigns":false,"_monsterinsights_skip_tracking":false,"_monsterinsights_sitenote_active":false,"_monsterinsights_sitenote_note":"","_monsterinsights_sitenote_category":0,"neve_meta_sidebar":"","neve_meta_container":"","neve_meta_enable_content_width":"","neve_meta_content_width":0,"neve_meta_title_alignment":"","neve_meta_author_avatar":"","neve_post_elements_order":"","neve_meta_disable_header":"","neve_meta_disable_footer":"","neve_meta_disable_title":"","_themeisle_gutenberg_block_has_review":false,"footnotes":""},"aioseo_notices":[],"_links":{"self":[{"href":"https:\/\/www.lina-hermstein.de\/index.php?rest_route=\/wp\/v2\/pages\/48"}],"collection":[{"href":"https:\/\/www.lina-hermstein.de\/index.php?rest_route=\/wp\/v2\/pages"}],"about":[{"href":"https:\/\/www.lina-hermstein.de\/index.php?rest_route=\/wp\/v2\/types\/page"}],"author":[{"embeddable":true,"href":"https:\/\/www.lina-hermstein.de\/index.php?rest_route=\/wp\/v2\/users\/1"}],"replies":[{"embeddable":true,"href":"https:\/\/www.lina-hermstein.de\/index.php?rest_route=%2Fwp%2Fv2%2Fcomments&post=48"}],"version-history":[{"count":9,"href":"https:\/\/www.lina-hermstein.de\/index.php?rest_route=\/wp\/v2\/pages\/48\/revisions"}],"predecessor-version":[{"id":273,"href":"https:\/\/www.lina-hermstein.de\/index.php?rest_route=\/wp\/v2\/pages\/48\/revisions\/273"}],"wp:attachment":[{"href":"https:\/\/www.lina-hermstein.de\/index.php?rest_route=%2Fwp%2Fv2%2Fmedia&parent=48"}],"curies":[{"name":"wp","href":"https:\/\/api.w.org\/{rel}","templated":true}]}}