{"id":5,"date":"2022-05-08T14:47:22","date_gmt":"2022-05-08T12:47:22","guid":{"rendered":"https:\/\/lina-hermstein.de\/?page_id=5"},"modified":"2022-11-26T00:30:18","modified_gmt":"2022-11-25T23:30:18","slug":"willkommen","status":"publish","type":"page","link":"https:\/\/www.lina-hermstein.de\/","title":{"rendered":"Willkommen"},"content":{"rendered":"\n<div class=\"wp-block-cover alignfull\" style=\"min-height:741px\"><span aria-hidden=\"true\" class=\"wp-block-cover__background has-background-dim\"><\/span><img decoding=\"async\" loading=\"lazy\" width=\"1024\" height=\"684\" class=\"wp-block-cover__image-background wp-image-11\" alt=\"\" src=\"https:\/\/lina-hermstein.de\/wp-content\/uploads\/2022\/05\/startimage_smaller-1024x684.jpg\" style=\"object-position:43% 15%\" data-object-fit=\"cover\" data-object-position=\"43% 15%\" srcset=\"https:\/\/www.lina-hermstein.de\/wp-content\/uploads\/2022\/05\/startimage_smaller-1024x684.jpg 1024w, https:\/\/www.lina-hermstein.de\/wp-content\/uploads\/2022\/05\/startimage_smaller-300x200.jpg 300w, https:\/\/www.lina-hermstein.de\/wp-content\/uploads\/2022\/05\/startimage_smaller-768x513.jpg 768w, https:\/\/www.lina-hermstein.de\/wp-content\/uploads\/2022\/05\/startimage_smaller-1536x1025.jpg 1536w, https:\/\/www.lina-hermstein.de\/wp-content\/uploads\/2022\/05\/startimage_smaller-2048x1367.jpg 2048w\" sizes=\"(max-width: 1024px) 100vw, 1024px\" \/><div class=\"wp-block-cover__inner-container is-layout-flow wp-block-cover-is-layout-flow\">\n<p class=\"has-text-align-center ticss-22aae6b6\">Psychologe &#8211; Systemischer Therapeut &#8211; Heilpraktiker f\u00fcr Psychotherapie<\/p>\n\n\n\n<h1 class=\"has-text-align-center has-text-color wp-block-heading\" style=\"color:#ffaa00\">Lina Hermstein &#8211; Systemische Therapie<\/h1>\n\n\n\n<p class=\"has-text-align-center\">Einzeltherapie &#8211; Familientherapie \u2013 Paartherapie<\/p>\n\n\n\n<pre class=\"wp-block-verse has-text-align-center\">Lassen Sie uns gemeinsam M\u00f6glichkeitsr\u00e4ume er\u00f6ffnen und neue L\u00f6sungswege ergr\u00fcnden.<\/pre>\n\n\n\n<div class=\"wp-block-buttons is-content-justification-center is-layout-flex wp-container-1 wp-block-buttons-is-layout-flex\">\n<div class=\"wp-block-button is-style-default\"><a class=\"wp-block-button__link has-luminous-vivid-amber-to-luminous-vivid-orange-gradient-background has-background wp-element-button\" href=\"\/?page_id=30\">Jetzt kontaktieren<\/a><\/div>\n<\/div>\n<\/div><\/div>\n\n\n\n<div style=\"height:100px\" aria-hidden=\"true\" class=\"wp-block-spacer\"><\/div>\n\n\n\n<div class=\"wp-block-columns is-layout-flex wp-container-6 wp-block-columns-is-layout-flex\">\n<div class=\"wp-block-column is-layout-flow wp-block-column-is-layout-flow\">\n<div id=\"wp-block-themeisle-blocks-font-awesome-icons-331583e5\" class=\"wp-block-themeisle-blocks-font-awesome-icons animated fadeIn\"><span class=\"wp-block-themeisle-blocks-font-awesome-icons-container\"><i class=\"far fa-clock\"><\/i><\/span><\/div>\n\n\n\n<p class=\"has-text-align-center\" style=\"font-size:28px\">Kurze Wartezeiten<\/p>\n\n\n\n<p class=\"has-text-align-center\" style=\"font-style:italic;font-weight:200\">Ein Problem ist wichtig in dem Moment wo es auftritt, nicht mehrere Wochen sp\u00e4ter. Profitieren Sie von kurzen Wartezeiten und kurzfristigen Terminen.<\/p>\n<\/div>\n\n\n\n<div class=\"wp-block-column is-layout-flow wp-block-column-is-layout-flow\">\n<div id=\"wp-block-themeisle-blocks-font-awesome-icons-64ebba69\" class=\"wp-block-themeisle-blocks-font-awesome-icons animated fadeIn\"><span class=\"wp-block-themeisle-blocks-font-awesome-icons-container\"><i class=\"fas fa-sliders-h\"><\/i><\/span><\/div>\n\n\n\n<p class=\"has-text-align-center\" style=\"font-size:28px\">Komplette Kontrolle<\/p>\n\n\n\n<p class=\"has-text-align-center\" style=\"font-style:italic;font-weight:200\">Sie haben freie Kontrolle \u00fcber alle wichtigen Entscheidungen. Selbst die Diagnose bleibt auf der Rechnung und wird nicht an die Krankenkasse gemeldet.<\/p>\n<\/div>\n\n\n\n<div class=\"wp-block-column is-layout-flow wp-block-column-is-layout-flow\">\n<div id=\"wp-block-themeisle-blocks-font-awesome-icons-eb30af94\" class=\"wp-block-themeisle-blocks-font-awesome-icons animated fadeIn\"><span class=\"wp-block-themeisle-blocks-font-awesome-icons-container\"><i class=\"far fa-thumbs-up\"><\/i><\/span><\/div>\n\n\n\n<p class=\"has-text-align-center\" style=\"font-size:28px\">Einfacher Wechsel<\/p>\n\n\n\n<p class=\"has-text-align-center\" style=\"font-style:italic;font-weight:200\">Einen Therapieplatz erhalten Sie auch ohne diagnostizierte psychische Erkrankung. Bereits in Behandlung, aber unzufrieden? Ein Therapeutenwechsel ist einfacher als man denkt.<\/p>\n<\/div>\n<\/div>\n\n\n\n<div style=\"height:100px\" aria-hidden=\"true\" class=\"wp-block-spacer\"><\/div>\n\n\n\n<div class=\"wp-block-cover alignfull wp-duotone-000000-ffffff-12\" style=\"min-height:415px\"><span aria-hidden=\"true\" class=\"wp-block-cover__background has-background-dim-70 has-background-dim\"><\/span><img decoding=\"async\" loading=\"lazy\" width=\"2560\" height=\"1707\" class=\"wp-block-cover__image-background wp-image-147\" alt=\"\" src=\"https:\/\/lina-hermstein.de\/wp-content\/uploads\/2022\/05\/puzzle_image-scaled.jpg\" data-object-fit=\"cover\" srcset=\"https:\/\/www.lina-hermstein.de\/wp-content\/uploads\/2022\/05\/puzzle_image-scaled.jpg 2560w, https:\/\/www.lina-hermstein.de\/wp-content\/uploads\/2022\/05\/puzzle_image-300x200.jpg 300w, https:\/\/www.lina-hermstein.de\/wp-content\/uploads\/2022\/05\/puzzle_image-1024x683.jpg 1024w, https:\/\/www.lina-hermstein.de\/wp-content\/uploads\/2022\/05\/puzzle_image-768x512.jpg 768w, https:\/\/www.lina-hermstein.de\/wp-content\/uploads\/2022\/05\/puzzle_image-1536x1024.jpg 1536w, https:\/\/www.lina-hermstein.de\/wp-content\/uploads\/2022\/05\/puzzle_image-2048x1366.jpg 2048w, https:\/\/www.lina-hermstein.de\/wp-content\/uploads\/2022\/05\/puzzle_image-930x620.jpg 930w\" sizes=\"(max-width: 2560px) 100vw, 2560px\" \/><div class=\"wp-block-cover__inner-container is-layout-flow wp-block-cover-is-layout-flow\">\n<p class=\"has-text-align-center has-text-color has-large-font-size\" style=\"color:#ffaa00\">Psychologie mit System<\/p>\n\n\n\n<div class=\"wp-block-columns is-layout-flex wp-container-10 wp-block-columns-is-layout-flex\">\n<div class=\"wp-block-column is-layout-flow wp-block-column-is-layout-flow\" style=\"flex-basis:25%\"><\/div>\n\n\n\n<div class=\"wp-block-column is-layout-flow wp-block-column-is-layout-flow\" style=\"flex-basis:50%\">\n<p class=\"has-text-align-center has-white-color has-text-color\">Systeme gibt es \u00fcberall in unserem Leben. Es beinhaltet neben dem Familiensystem alle wichtigen Bereiche unseres Lebens. Diese Systeme regulieren sich von selbst. Doch durch gegebene Umst\u00e4nde kann diese Selbstregulation beeintr\u00e4chtigt sein. Die Systemische Therapie unterst\u00fctzt bei der Suche nach M\u00f6glichkeitsr\u00e4umen und arbeitet dabei nicht st\u00f6rungsorientiert, sondern l\u00f6sungsorientiert. Ungleichgewichte im System werden bew\u00e4ltigt und ganzheitliche L\u00f6sungen k\u00f6nnen so entstehen.<\/p>\n<\/div>\n\n\n\n<div class=\"wp-block-column is-layout-flow wp-block-column-is-layout-flow\" style=\"flex-basis:25%\"><\/div>\n<\/div>\n\n\n\n<div class=\"wp-block-buttons is-content-justification-center is-layout-flex wp-container-11 wp-block-buttons-is-layout-flex\">\n<div class=\"wp-block-button\"><a class=\"wp-block-button__link has-luminous-vivid-amber-to-luminous-vivid-orange-gradient-background has-background wp-element-button\" href=\"\/?page_id=44\">Mehr erfahren<\/a><\/div>\n<\/div>\n<\/div><\/div>\n\n\n\n<div style=\"height:100px\" aria-hidden=\"true\" class=\"wp-block-spacer\"><\/div>\n\n\n\n<p class=\"has-text-align-center has-large-font-size\"><strong>Direkt im Herzen Sachsen-Anhalts<\/strong><\/p>\n\n\n\n<div id=\"wp-block-themeisle-blocks-font-awesome-icons-54794cc8\" class=\"wp-block-themeisle-blocks-font-awesome-icons\"><span class=\"wp-block-themeisle-blocks-font-awesome-icons-container\"><a href=\"\/?page_id=30\" target=\"_self\" rel=\"noopener noreferrer\"><i class=\"fas fa-map-marker-alt\"><\/i><\/a><\/span><\/div>\n\n\n\n<div class=\"wp-block-buttons is-content-justification-center is-layout-flex wp-container-14 wp-block-buttons-is-layout-flex\">\n<div class=\"wp-block-button is-style-default\"><a class=\"wp-block-button__link has-luminous-vivid-amber-to-luminous-vivid-orange-gradient-background has-background wp-element-button\" href=\"\/?page_id=30\">Jetzt kontaktieren<\/a><\/div>\n<\/div>\n\n\n\n<div style=\"height:100px\" aria-hidden=\"true\" class=\"wp-block-spacer\"><\/div>\n","protected":false},"excerpt":{"rendered":"<p>Kurze Wartezeiten Ein Problem ist wichtig in dem Moment wo es auftritt, nicht mehrere Wochen sp\u00e4ter. Profitieren Sie von kurzen Wartezeiten und kurzfristigen Terminen. Komplette Kontrolle Sie haben freie Kontrolle \u00fcber alle wichtigen Entscheidungen. Selbst die Diagnose bleibt auf der Rechnung und wird nicht an die Krankenkasse gemeldet. Einfacher Wechsel Einen Therapieplatz erhalten Sie auch&hellip;&nbsp;<a href=\"https:\/\/www.lina-hermstein.de\/\" class=\"\" rel=\"bookmark\">Weiterlesen &raquo;<span class=\"screen-reader-text\">Willkommen<\/span><\/a><\/p>\n","protected":false},"author":1,"featured_media":0,"parent":0,"menu_order":0,"comment_status":"closed","ping_status":"closed","template":"","meta":{"om_disable_all_campaigns":false,"_monsterinsights_skip_tracking":false,"_monsterinsights_sitenote_active":false,"_monsterinsights_sitenote_note":"","_monsterinsights_sitenote_category":0,"neve_meta_sidebar":"full-width","neve_meta_container":"default","neve_meta_enable_content_width":"off","neve_meta_content_width":70,"neve_meta_title_alignment":"left","neve_meta_author_avatar":"","neve_post_elements_order":"","neve_meta_disable_header":"off","neve_meta_disable_footer":"","neve_meta_disable_title":"on","_themeisle_gutenberg_block_has_review":false,"footnotes":""},"aioseo_notices":[],"_links":{"self":[{"href":"https:\/\/www.lina-hermstein.de\/index.php?rest_route=\/wp\/v2\/pages\/5"}],"collection":[{"href":"https:\/\/www.lina-hermstein.de\/index.php?rest_route=\/wp\/v2\/pages"}],"about":[{"href":"https:\/\/www.lina-hermstein.de\/index.php?rest_route=\/wp\/v2\/types\/page"}],"author":[{"embeddable":true,"href":"https:\/\/www.lina-hermstein.de\/index.php?rest_route=\/wp\/v2\/users\/1"}],"replies":[{"embeddable":true,"href":"https:\/\/www.lina-hermstein.de\/index.php?rest_route=%2Fwp%2Fv2%2Fcomments&post=5"}],"version-history":[{"count":54,"href":"https:\/\/www.lina-hermstein.de\/index.php?rest_route=\/wp\/v2\/pages\/5\/revisions"}],"predecessor-version":[{"id":298,"href":"https:\/\/www.lina-hermstein.de\/index.php?rest_route=\/wp\/v2\/pages\/5\/revisions\/298"}],"wp:attachment":[{"href":"https:\/\/www.lina-hermstein.de\/index.php?rest_route=%2Fwp%2Fv2%2Fmedia&parent=5"}],"curies":[{"name":"wp","href":"https:\/\/api.w.org\/{rel}","templated":true}]}}